{"id":1956,"date":"2021-12-01T17:31:01","date_gmt":"2021-12-01T17:31:01","guid":{"rendered":"http:\/\/nimrodteszt.hu\/?page_id=1956"},"modified":"2024-02-06T12:15:02","modified_gmt":"2024-02-06T11:15:02","slug":"haziorvosi-ugyelet","status":"publish","type":"page","link":"https:\/\/drsziszortomed.hu\/en\/haziorvosi-ugyelet\/","title":{"rendered":"General Practice"},"content":{"rendered":"<p>[et_pb_section fb_built=&#8221;1&#8243; use_custom_gutter=&#8221;on&#8221; gutter_width=&#8221;2&#8243; specialty=&#8221;on&#8221; padding_top_2=&#8221;20px&#8221; padding_right_2=&#8221;5%&#8221; padding_2_tablet=&#8221;0px|10%||10%||true&#8221; padding_2_phone=&#8221;&#8221; padding_2_last_edited=&#8221;on|tablet&#8221; _builder_version=&#8221;4.13.1&#8243; background_color=&#8221;#F2F2F2&#8243; inner_width=&#8221;100%&#8221; inner_max_width=&#8221;100%&#8221; use_custom_width=&#8221;on&#8221; width_unit=&#8221;off&#8221; custom_width_percent=&#8221;100%&#8221; global_colors_info=&#8221;{}&#8221;][et_pb_column type=&#8221;1_3&#8243; _builder_version=&#8221;3.25&#8243; custom_padding=&#8221;|||&#8221; global_colors_info=&#8221;{}&#8221; custom_padding__hover=&#8221;|||&#8221;][et_pb_image src=&#8221;https:\/\/drsziszortomed.hu\/wp-content\/uploads\/2021\/12\/doctor-10.jpg&#8221; title_text=&#8221;doctor-10&#8243; force_fullwidth=&#8221;on&#8221; align_tablet=&#8221;center&#8221; align_phone=&#8221;center&#8221; align_last_edited=&#8221;on|desktop&#8221; _builder_version=&#8221;4.13.1&#8243; custom_margin=&#8221;|||&#8221; custom_padding=&#8221;|||&#8221; animation_style=&#8221;slide&#8221; animation_direction=&#8221;right&#8221; animation_intensity_slide=&#8221;5%&#8221; border_radii=&#8221;||30px|15vw|&#8221; border_color_all=&#8221;#C5B358&#8243; border_width_bottom=&#8221;2vw&#8221; box_shadow_style=&#8221;preset3&#8243; box_shadow_vertical=&#8221;30px&#8221; box_shadow_blur=&#8221;80px&#8221; box_shadow_spread=&#8221;-30px&#8221; box_shadow_color=&#8221;rgba(102,141,186,0.7)&#8221; locked=&#8221;off&#8221; global_colors_info=&#8221;{}&#8221;][\/et_pb_image][\/et_pb_column][et_pb_column type=&#8221;2_3&#8243; specialty_columns=&#8221;2&#8243; _builder_version=&#8221;3.25&#8243; custom_padding=&#8221;|||&#8221; global_colors_info=&#8221;{}&#8221; padding_tablet=&#8221;0px|10%||10%||true&#8221; padding_last_edited=&#8221;on|tablet&#8221; custom_padding__hover=&#8221;|||&#8221; padding_phone=&#8221;0px|10%||10%||true&#8221;][et_pb_row_inner _builder_version=&#8221;3.25&#8243; custom_padding=&#8221;42.6094px|0px|0|0px|false|false&#8221; global_colors_info=&#8221;{}&#8221;][et_pb_column_inner saved_specialty_column_type=&#8221;2_3&#8243; _builder_version=&#8221;3.25&#8243; custom_padding=&#8221;|||&#8221; global_colors_info=&#8221;{}&#8221; custom_padding__hover=&#8221;|||&#8221;][et_pb_text _builder_version=&#8221;4.13.1&#8243; text_font=&#8221;Montserrat|300|||||||&#8221; text_font_size=&#8221;16px&#8221; text_line_height=&#8221;1.8em&#8221; header_font=&#8221;||||||||&#8221; header_2_font=&#8221;Montserrat|700|||||||&#8221; header_2_text_color=&#8221;#586AC5&#8243; header_2_font_size=&#8221;40px&#8221; header_2_line_height=&#8221;1.5em&#8221; max_width=&#8221;750px&#8221; custom_margin=&#8221;||-1px|||&#8221; custom_margin_tablet=&#8221;0px|50px||50px&#8221; custom_margin_last_edited=&#8221;off|desktop&#8221; custom_padding=&#8221;|||&#8221; header_2_font_size_tablet=&#8221;&#8221; header_2_font_size_phone=&#8221;30px&#8221; header_2_font_size_last_edited=&#8221;on|phone&#8221; global_colors_info=&#8221;{}&#8221;]<\/p>\n<h2><span>General Practice<\/span><\/h2>\n<p>[\/et_pb_text][et_pb_text _builder_version=&#8221;4.14.4&#8243; text_font=&#8221;Montserrat|300|||||||&#8221; text_font_size=&#8221;16px&#8221; text_line_height=&#8221;1.8em&#8221; header_font=&#8221;||||||||&#8221; header_2_font=&#8221;Montserrat|700|||||||&#8221; header_2_text_color=&#8221;#586AC5&#8243; header_2_font_size=&#8221;20px&#8221; header_2_line_height=&#8221;1.5em&#8221; max_width=&#8221;750px&#8221; custom_margin=&#8221;|||&#8221; custom_margin_tablet=&#8221;0px|50px||50px&#8221; custom_margin_last_edited=&#8221;off|desktop&#8221; custom_padding=&#8221;|||&#8221; header_2_font_size_tablet=&#8221;&#8221; header_2_font_size_phone=&#8221;30px&#8221; header_2_font_size_last_edited=&#8221;on|phone&#8221; global_colors_info=&#8221;{}&#8221;]<\/p>\n<h2><b>06-20-589-7845\u00a0<\/b><\/h2>\n<p>[\/et_pb_text][\/et_pb_column_inner][\/et_pb_row_inner][et_pb_row_inner _builder_version=&#8221;3.25&#8243; global_colors_info=&#8221;{}&#8221;][et_pb_column_inner saved_specialty_column_type=&#8221;2_3&#8243; _builder_version=&#8221;3.25&#8243; custom_padding=&#8221;|||&#8221; global_colors_info=&#8221;{}&#8221; custom_padding__hover=&#8221;|||&#8221;][et_pb_text _builder_version=&#8221;4.14.4&#8243; text_font=&#8221;Montserrat|300|||||||&#8221; text_font_size=&#8221;15px&#8221; text_line_height=&#8221;2em&#8221; header_font=&#8221;||||||||&#8221; header_2_font=&#8221;Montserrat|300|||||||&#8221; header_2_text_color=&#8221;#212d3b&#8221; header_2_font_size=&#8221;40px&#8221; header_2_line_height=&#8221;1.5em&#8221; max_width=&#8221;800px&#8221; custom_margin=&#8221;|||&#8221; custom_margin_tablet=&#8221;0px|50px||50px&#8221; custom_margin_last_edited=&#8221;off|desktop&#8221; custom_padding=&#8221;|||&#8221; hover_enabled=&#8221;0&#8243; global_colors_info=&#8221;{}&#8221; sticky_enabled=&#8221;0&#8243;]<\/p>\n<h6><span class=\"card-title\">H\u00e1ziorvosi \u00dcgyelet Helyettes\u00edt\u00e9se<br \/><\/span><\/h6>\n<h6><b>Az \u00e1rak 2024. janu\u00e1r 01-t\u0151l \u00e9rv\u00e9nyesek!<\/b><\/h6>\n<ul>\n<li>15.000 Ft.\/\u00f3ra \/ ker\u00fclet vagy telep\u00fcl\u00e9s (vid\u00e9ki helysz\u00edn eset\u00e9n)<\/li>\n<\/ul>\n<h6>Extra costs: 10 000 Huff both ways within 100 km, 20 000 Huff both ways within 200 km<\/h6>\n<p>ORVOSI SZOLG\u00c1LTAT\u00c1S H\u00c1ZIORVOSI \u00dcGYELET ESET\u00c9N A K\u00d6VETKEZ\u0150 ORVOSI TEV\u00c9KENYS\u00c9GEKRE KORL\u00c1TOZ\u00d3DIK: halottszemle, helysz\u00edni szemle, \u00fajra\u00e9leszt\u00e9sben val\u00f3 r\u00e9szv\u00e9tel OMSZ kisz\u00e1ll\u00e1sakor Ment\u0151tiszt hi\u00e1ny\u00e1ban<\/p>\n<p>[\/et_pb_text][\/et_pb_column_inner][\/et_pb_row_inner][\/et_pb_column][\/et_pb_section]<\/p>","protected":false},"excerpt":{"rendered":"<p>H\u00e1ziorvosi \u00dcgyelet06-20-589-7845\u00a0H\u00e1ziorvosi \u00dcgyelet Helyettes\u00edt\u00e9se Az \u00e1rak 2024. janu\u00e1r 01-t\u0151l \u00e9rv\u00e9nyesek! 15.000 Ft.\/\u00f3ra \/ ker\u00fclet vagy telep\u00fcl\u00e9s (vid\u00e9ki helysz\u00edn eset\u00e9n) Kisz\u00e1ll\u00e1si d\u00edj 100 km bel\u00fcl 10.000 Ft ir\u00e1nyonk\u00e9nt. 200 km bel\u00fcl 20.000 Ft ir\u00e1nyonk\u00e9nt. Minden szolg\u00e1ltat\u00e1sra. ORVOSI SZOLG\u00c1LTAT\u00c1S H\u00c1ZIORVOSI \u00dcGYELET ESET\u00c9N A K\u00d6VETKEZ\u0150 ORVOSI TEV\u00c9KENYS\u00c9GEKRE KORL\u00c1TOZ\u00d3DIK: halottszemle, helysz\u00edni szemle, \u00fajra\u00e9leszt\u00e9sben val\u00f3 r\u00e9szv\u00e9tel OMSZ kisz\u00e1ll\u00e1sakor Ment\u0151tiszt hi\u00e1ny\u00e1ban<\/p>","protected":false},"author":1,"featured_media":0,"parent":0,"menu_order":0,"comment_status":"closed","ping_status":"closed","template":"","meta":{"_et_pb_use_builder":"on","_et_pb_old_content":"<!-- wp:divi\/placeholder \/-->","_et_gb_content_width":"","footnotes":""},"class_list":["post-1956","page","type-page","status-publish","hentry"],"_links":{"self":[{"href":"https:\/\/drsziszortomed.hu\/en\/wp-json\/wp\/v2\/pages\/1956","targetHints":{"allow":["GET"]}}],"collection":[{"href":"https:\/\/drsziszortomed.hu\/en\/wp-json\/wp\/v2\/pages"}],"about":[{"href":"https:\/\/drsziszortomed.hu\/en\/wp-json\/wp\/v2\/types\/page"}],"author":[{"embeddable":true,"href":"https:\/\/drsziszortomed.hu\/en\/wp-json\/wp\/v2\/users\/1"}],"replies":[{"embeddable":true,"href":"https:\/\/drsziszortomed.hu\/en\/wp-json\/wp\/v2\/comments?post=1956"}],"version-history":[{"count":8,"href":"https:\/\/drsziszortomed.hu\/en\/wp-json\/wp\/v2\/pages\/1956\/revisions"}],"predecessor-version":[{"id":2764,"href":"https:\/\/drsziszortomed.hu\/en\/wp-json\/wp\/v2\/pages\/1956\/revisions\/2764"}],"wp:attachment":[{"href":"https:\/\/drsziszortomed.hu\/en\/wp-json\/wp\/v2\/media?parent=1956"}],"curies":[{"name":"wp","href":"https:\/\/api.w.org\/{rel}","templated":true}]}}