{"id":2047,"date":"2021-12-16T20:36:04","date_gmt":"2021-12-16T20:36:04","guid":{"rendered":"http:\/\/nimrodteszt.hu\/?page_id=2047"},"modified":"2023-12-08T14:57:30","modified_gmt":"2023-12-08T13:57:30","slug":"privat-ortoped-szakrendeles-lajosmizse","status":"publish","type":"page","link":"https:\/\/drsziszortomed.hu\/en\/privat-ortoped-szakrendeles-lajosmizse\/","title":{"rendered":"Private orthopedic office at Lajosmizse"},"content":{"rendered":"<p>[et_pb_section fb_built=&#8221;1&#8243; use_custom_gutter=&#8221;on&#8221; gutter_width=&#8221;2&#8243; specialty=&#8221;on&#8221; padding_top_2=&#8221;20px&#8221; padding_right_2=&#8221;5%&#8221; padding_2_tablet=&#8221;0px|10%||10%||true&#8221; padding_2_phone=&#8221;&#8221; padding_2_last_edited=&#8221;on|tablet&#8221; _builder_version=&#8221;4.13.1&#8243; background_color=&#8221;#f2f2f2&#8243; inner_width=&#8221;100%&#8221; inner_max_width=&#8221;100%&#8221; use_custom_width=&#8221;on&#8221; width_unit=&#8221;off&#8221; custom_width_percent=&#8221;100%&#8221; global_colors_info=&#8221;{}&#8221;][et_pb_column type=&#8221;1_3&#8243; _builder_version=&#8221;3.25&#8243; custom_padding=&#8221;|||&#8221; global_colors_info=&#8221;{}&#8221; custom_padding__hover=&#8221;|||&#8221;][et_pb_image src=&#8221;https:\/\/drsziszortomed.hu\/wp-content\/uploads\/2021\/12\/Lajosmizse-2-scaled-1.jpg&#8221; title_text=&#8221;Lajosmizse 2&#8243; force_fullwidth=&#8221;on&#8221; align_tablet=&#8221;center&#8221; align_phone=&#8221;center&#8221; align_last_edited=&#8221;on|desktop&#8221; _builder_version=&#8221;4.13.1&#8243; custom_margin=&#8221;|||&#8221; custom_padding=&#8221;|||&#8221; animation_style=&#8221;slide&#8221; animation_direction=&#8221;right&#8221; animation_intensity_slide=&#8221;5%&#8221; border_radii=&#8221;||30px|15vw|&#8221; border_color_all=&#8221;#c5b358&#8243; border_width_bottom=&#8221;2vw&#8221; box_shadow_style=&#8221;preset3&#8243; box_shadow_vertical=&#8221;30px&#8221; box_shadow_blur=&#8221;80px&#8221; box_shadow_spread=&#8221;-30px&#8221; box_shadow_color=&#8221;rgba(102,141,186,0.7)&#8221; locked=&#8221;off&#8221; global_colors_info=&#8221;{}&#8221;][\/et_pb_image][\/et_pb_column][et_pb_column type=&#8221;2_3&#8243; specialty_columns=&#8221;2&#8243; _builder_version=&#8221;3.25&#8243; custom_padding=&#8221;|||&#8221; global_colors_info=&#8221;{}&#8221; padding_tablet=&#8221;0px|10%||10%||true&#8221; padding_last_edited=&#8221;on|tablet&#8221; custom_padding__hover=&#8221;|||&#8221; padding_phone=&#8221;0px|10%||10%||true&#8221;][et_pb_row_inner _builder_version=&#8221;3.25&#8243; custom_padding=&#8221;42.6094px|0px|0|0px|false|false&#8221; global_colors_info=&#8221;{}&#8221;][et_pb_column_inner saved_specialty_column_type=&#8221;2_3&#8243; _builder_version=&#8221;3.25&#8243; custom_padding=&#8221;|||&#8221; global_colors_info=&#8221;{}&#8221; custom_padding__hover=&#8221;|||&#8221;][et_pb_text _builder_version=&#8221;4.14.4&#8243; text_font=&#8221;Montserrat|300|||||||&#8221; text_font_size=&#8221;16px&#8221; text_line_height=&#8221;1.8em&#8221; header_font=&#8221;||||||||&#8221; header_2_font=&#8221;Montserrat|700|||||||&#8221; header_2_text_color=&#8221;#586AC5&#8243; header_2_font_size=&#8221;40px&#8221; header_2_line_height=&#8221;1.5em&#8221; max_width=&#8221;750px&#8221; custom_margin=&#8221;||6px|||&#8221; custom_margin_tablet=&#8221;0px|50px||50px&#8221; custom_margin_last_edited=&#8221;off|desktop&#8221; custom_padding=&#8221;|||&#8221; header_2_font_size_tablet=&#8221;&#8221; header_2_font_size_phone=&#8221;30px&#8221; header_2_font_size_last_edited=&#8221;on|phone&#8221; global_colors_info=&#8221;{}&#8221;]<\/p>\n<h2>LAJOSMIZSE<br \/>Prima Protetika Non-profit ortop\u00e9d szakrendel\u00e9s<\/h2>\n<p>A RENDEL\u00c9S EZEN A HELYEN SZ\u00dcNETEL!<\/p>\n<h3><a href=\"https:\/\/drsziszortomed.hu\/en\/privat-ortoped-rendelo\/\">K\u00c9RJ\u00dcK KERESS\u00c9K A T\u00c1BORFALVAI RENDEL\u0150T! (KATTINTSON!)<\/a><\/h3>\n<p>[\/et_pb_text][et_pb_text _builder_version=&#8221;4.14.4&#8243; text_font=&#8221;Montserrat|300|||||||&#8221; text_font_size=&#8221;16px&#8221; text_line_height=&#8221;1.8em&#8221; header_font=&#8221;||||||||&#8221; header_2_font=&#8221;Montserrat|700|||||||&#8221; header_2_text_color=&#8221;#586AC5&#8243; header_2_font_size=&#8221;20px&#8221; header_2_line_height=&#8221;1.5em&#8221; max_width=&#8221;750px&#8221; custom_margin=&#8221;|||&#8221; custom_margin_tablet=&#8221;0px|50px||50px&#8221; custom_margin_last_edited=&#8221;off|desktop&#8221; custom_padding=&#8221;||0px|||&#8221; hover_enabled=&#8221;0&#8243; header_2_font_size_tablet=&#8221;&#8221; header_2_font_size_phone=&#8221;30px&#8221; header_2_font_size_last_edited=&#8221;on|phone&#8221; global_colors_info=&#8221;{}&#8221; sticky_enabled=&#8221;0&#8243;]<\/p>\n<h2><b>06-20-390-4111<br \/>06-20-264-8307<br \/><\/b><\/h2>\n<p>[\/et_pb_text][\/et_pb_column_inner][\/et_pb_row_inner][et_pb_row_inner column_structure=&#8221;1_2,1_2&#8243; disabled_on=&#8221;on|on|on&#8221; _builder_version=&#8221;4.14.4&#8243; _module_preset=&#8221;default&#8221; disabled=&#8221;on&#8221; locked=&#8221;off&#8221; global_colors_info=&#8221;{}&#8221;][et_pb_column_inner type=&#8221;1_2&#8243; saved_specialty_column_type=&#8221;2_3&#8243; _builder_version=&#8221;4.13.1&#8243; _module_preset=&#8221;default&#8221; global_colors_info=&#8221;{}&#8221;][et_pb_text _builder_version=&#8221;4.14.4&#8243; _module_preset=&#8221;default&#8221; global_colors_info=&#8221;{}&#8221;]<\/p>\n<p><b><span>EKG \u2013 h\u00e1zn\u00e1l \u00a0 + 20km k\u00f6rzet \u00a0 \u00a0\u00a0<br \/><\/span><\/b>-kisz\u00e1ll\u00e1ssal, pulzusm\u00e9r\u00e9s, oxig\u00e9nszint m\u00e9r\u00e9s-v\u00e9rnyom\u00e1sm\u00e9r\u00e9s<\/p>\n<p><b>Complete orthopedic services<br \/><\/b><i><span style=\"font-weight: 400;\">examination general joint movement, ambulatory leaf ending<\/span><\/i><\/p>\n<p><b>Price of other orthopedic intervention<br \/><\/b><i><span style=\"font-weight: 400;\">injection, manual therapy, physical therapy<\/span><\/i><\/p>\n<p><b>Intraarticular injections<br \/><\/b><i><span style=\"font-weight: 400;\">consult a physician<\/span><\/i><\/p>\n<p><b>Check up<br \/><\/b><i><span style=\"font-weight: 400;\">available within 2 weeks<\/span><\/i><\/p>\n<p><b>Polarisol treatment<\/b><\/p>\n<p><b>Complete body heatmap<\/b><\/p>\n<p><b>Infant hip screening with ultrasound<br \/><\/b><i><span style=\"font-weight: 400;\">check up + ultrasound<\/span><\/i><\/p>\n<p><b>Physical therapy<\/b><\/p>\n<p><b><\/b><\/p>\n<p><b><\/b><\/p>\n<p><b>Physical therapy + taping<\/b><\/p>\n<p>&nbsp;<\/p>\n<p>&nbsp;<\/p>\n<p>[\/et_pb_text][\/et_pb_column_inner][et_pb_column_inner type=&#8221;1_2&#8243; saved_specialty_column_type=&#8221;2_3&#8243; _builder_version=&#8221;4.13.1&#8243; _module_preset=&#8221;default&#8221; global_colors_info=&#8221;{}&#8221;][et_pb_text _builder_version=&#8221;4.14.4&#8243; _module_preset=&#8221;default&#8221; global_colors_info=&#8221;{}&#8221;]<\/p>\n<p><strong>15 000 Ft<\/strong><\/p>\n<p><b><\/b><\/p>\n<p><b><\/b><\/p>\n<p><b>25 000 Huf\/examination<\/b><\/p>\n<p><b><\/b><\/p>\n<p><b><\/b><\/p>\n<p><b>5000Ft+k\u00edv\u00e1nt term\u00e9k \u00e1ra<\/b><\/p>\n<p><b><\/b><\/p>\n<p><b>self financing<\/b><\/p>\n<p><b><\/b><\/p>\n<p><b><\/b><\/p>\n<p><b>15 000 Huf<\/b><\/p>\n<p><b><\/b><\/p>\n<p><b><\/b><\/p>\n<p><b>6000Ft<\/b><\/p>\n<p><b><\/b><\/p>\n<p><b>7000 Huf<\/b><\/p>\n<p><b>15 000 Huf\/examination<br \/><\/b><b>+10 000 Huf\/ ultrasound<\/b><\/p>\n<p><b>6 000Ft\/ 30 perc<br \/><\/b><b>12 000Ft\/ 60perc<\/b><\/p>\n<p><b><\/b><\/p>\n<p><b><\/b><b>16 000 Ft<\/b><\/p>\n<p>&nbsp;<\/p>\n<p>&nbsp;<\/p>\n<p>[\/et_pb_text][\/et_pb_column_inner][\/et_pb_row_inner][et_pb_row_inner disabled_on=&#8221;on|on|on&#8221; _builder_version=&#8221;4.14.4&#8243; _module_preset=&#8221;default&#8221; disabled=&#8221;on&#8221; global_colors_info=&#8221;{}&#8221;][et_pb_column_inner saved_specialty_column_type=&#8221;2_3&#8243; _builder_version=&#8221;4.13.1&#8243; _module_preset=&#8221;default&#8221; global_colors_info=&#8221;{}&#8221;][et_pb_text _builder_version=&#8221;4.14.4&#8243; _module_preset=&#8221;default&#8221; global_colors_info=&#8221;{}&#8221;]<\/p>\n<p><b><span>EKG \u2013 h\u00e1zn\u00e1l \u00a0 \u00a0 \u00a0 15 000Ft<\/span><\/b><\/p>\n<p>-kisz\u00e1ll\u00e1ssal, pulzusm\u00e9r\u00e9s, oxig\u00e9nszint m\u00e9r\u00e9s-v\u00e9rnyom\u00e1sm\u00e9r\u00e9s<\/p>\n<p><b>Complete orthopedic services <\/b> <b>25 000 Huf\/examination<\/b><\/p>\n<p><i><span style=\"font-weight: 400;\">examination general joint movement, ambulatory leaf ending<\/span><\/i><\/p>\n<p><b>Price of other orthopedic intervention<\/b> <b>5000Ft+k\u00edv\u00e1nt term\u00e9k \u00e1ra<\/b><\/p>\n<p><i><span style=\"font-weight: 400;\">injection, manual therapy, physical therapy<\/span><\/i><\/p>\n<p><b>Intraarticular injections<\/b> <b>self financing<\/b><\/p>\n<p><i><span style=\"font-weight: 400;\">consult a physician<\/span><\/i><\/p>\n<p><b>Check up<\/b> <b>15\u00a0000Ft\/kontroll<\/b><\/p>\n<p><i><span style=\"font-weight: 400;\">available within 2 weeks<\/span><\/i><\/p>\n<p><b>Polarisol treatment<\/b>\u00a0<strong>6<\/strong><b>000Ft<\/b><\/p>\n<p><b>Complete body heatmap<\/b> <b>7000 Huf<\/b><\/p>\n<p><b>Infant hip screening with ultrasound<\/b> <b>15 000 Huf\/examination<\/b><\/p>\n<p><i><span style=\"font-weight: 400;\">check up + ultrasound<\/span><\/i> <b>+10 000 Huf\/ ultrasound<\/b><\/p>\n<p><b>Physical therapy<\/b>\u00a06<b>\u00a0000Ft\/ 30 perc<\/b><\/p>\n<p><b>12 000Ft\/ 60perc<\/b><\/p>\n<p><b>Physical therapy + taping <\/b> <b>16 000 Ft<\/b><\/p>\n<p><b>DONA injection<\/b> <b>2000 Huf\/occasion<\/b><\/p>\n<p>[\/et_pb_text][\/et_pb_column_inner][\/et_pb_row_inner][\/et_pb_column][\/et_pb_section][et_pb_section fb_built=&#8221;1&#8243; _builder_version=&#8221;4.13.1&#8243; _module_preset=&#8221;default&#8221; custom_padding=&#8221;3px|||||&#8221; locked=&#8221;off&#8221; global_colors_info=&#8221;{}&#8221;][et_pb_row _builder_version=&#8221;4.13.1&#8243; _module_preset=&#8221;default&#8221; width=&#8221;100%&#8221; max_width=&#8221;1420px&#8221; global_colors_info=&#8221;{}&#8221;][et_pb_column type=&#8221;4_4&#8243; _builder_version=&#8221;4.13.1&#8243; _module_preset=&#8221;default&#8221; global_colors_info=&#8221;{}&#8221;][et_pb_code _builder_version=&#8221;4.13.1&#8243; _module_preset=&#8221;default&#8221; custom_margin=&#8221;-25px|||||&#8221; global_colors_info=&#8221;{}&#8221;]<iframe src=\"https:\/\/www.google.com\/maps\/embed?pb=!1m18!1m12!1m3!1d2719.805662383774!2d19.558414115345304!3d47.024419536005695!2m3!1f0!2f0!3f0!3m2!1i1024!2i768!4f13.1!3m3!1m2!1s0x4743d562a54150d3%3A0xb1edf3fafa516338!2zTGFqb3NtaXpzZSwgRMOzenNhIEd5w7ZyZ3kgw7p0IDEwNCwgNjA1MA!5e0!3m2!1shu!2shu!4v1639687519171!5m2!1shu!2shu\" width=\"1420\" height=\"450\" style=\"border:0;\" allowfullscreen=\"\" loading=\"lazy\"><\/iframe>[\/et_pb_code][\/et_pb_column][\/et_pb_row][\/et_pb_section]<\/p>","protected":false},"excerpt":{"rendered":"<p>LAJOSMIZSEPrima Protetika Non-profit ortop\u00e9d szakrendel\u00e9s A RENDEL\u00c9S EZEN A HELYEN SZ\u00dcNETEL! K\u00c9RJ\u00dcK KERESS\u00c9K A T\u00c1BORFALVAI RENDEL\u0150T! (KATTINTSON!)06-20-390-411106-20-264-8307EKG \u2013 h\u00e1zn\u00e1l \u00a0 + 20km k\u00f6rzet \u00a0 \u00a0\u00a0-kisz\u00e1ll\u00e1ssal, pulzusm\u00e9r\u00e9s, oxig\u00e9nszint m\u00e9r\u00e9s-v\u00e9rnyom\u00e1sm\u00e9r\u00e9s Ortop\u00e9diai teljes k\u00f6r\u0171 szakvizsg\u00e1latvizsg\u00e1lat, \u00e1ltal\u00e1nos iz\u00fcleti bemozgat\u00e1s, ambul\u00e1nslap szerkeszt\u00e9s Egy\u00e9b ortop\u00e9diai beavatkoz\u00e1s db \u00e1rainjekci\u00f3, manu\u00e1l ter\u00e1pia, fizikoter\u00e1pia stb. Intraarticul\u00e1ris injekci\u00f3k hat\u00f3anyagaorvossal egyeztetend\u0151 Kontroll vizsg\u00e1latk\u00e9t h\u00e9ten bel\u00fcl vehet\u0151 [&hellip;]<\/p>","protected":false},"author":1,"featured_media":0,"parent":0,"menu_order":0,"comment_status":"closed","ping_status":"closed","template":"","meta":{"_et_pb_use_builder":"on","_et_pb_old_content":"<!-- wp:divi\/placeholder \/-->","_et_gb_content_width":"","footnotes":""},"class_list":["post-2047","page","type-page","status-publish","hentry"],"_links":{"self":[{"href":"https:\/\/drsziszortomed.hu\/en\/wp-json\/wp\/v2\/pages\/2047","targetHints":{"allow":["GET"]}}],"collection":[{"href":"https:\/\/drsziszortomed.hu\/en\/wp-json\/wp\/v2\/pages"}],"about":[{"href":"https:\/\/drsziszortomed.hu\/en\/wp-json\/wp\/v2\/types\/page"}],"author":[{"embeddable":true,"href":"https:\/\/drsziszortomed.hu\/en\/wp-json\/wp\/v2\/users\/1"}],"replies":[{"embeddable":true,"href":"https:\/\/drsziszortomed.hu\/en\/wp-json\/wp\/v2\/comments?post=2047"}],"version-history":[{"count":8,"href":"https:\/\/drsziszortomed.hu\/en\/wp-json\/wp\/v2\/pages\/2047\/revisions"}],"predecessor-version":[{"id":2746,"href":"https:\/\/drsziszortomed.hu\/en\/wp-json\/wp\/v2\/pages\/2047\/revisions\/2746"}],"wp:attachment":[{"href":"https:\/\/drsziszortomed.hu\/en\/wp-json\/wp\/v2\/media?parent=2047"}],"curies":[{"name":"wp","href":"https:\/\/api.w.org\/{rel}","templated":true}]}}