{"id":2314,"date":"2022-01-06T11:12:04","date_gmt":"2022-01-06T10:12:04","guid":{"rendered":"https:\/\/drsziszortomed.hu\/?page_id=2314"},"modified":"2025-09-30T17:15:15","modified_gmt":"2025-09-30T16:15:15","slug":"munkalehetosegek","status":"publish","type":"page","link":"https:\/\/drsziszortomed.hu\/en\/munkalehetosegek\/","title":{"rendered":"Munkalehet\u0151s\u00e9gek"},"content":{"rendered":"<p>[et_pb_section fb_built=&#8221;1&#8243; admin_label=&#8221;Hero&#8221; _builder_version=&#8221;4.16&#8243; custom_padding=&#8221;0|0px|3px|0px|false|false&#8221; bottom_divider_height=&#8221;0px&#8221; global_colors_info=&#8221;{}&#8221;][et_pb_row column_structure=&#8221;1_2,1_2&#8243; _builder_version=&#8221;4.16&#8243; background_color=&#8221;#F2F2F2&#8243; width=&#8221;100%&#8221; max_width=&#8221;100%&#8221; min_height=&#8221;420px&#8221; custom_margin=&#8221;|||&#8221; custom_margin_tablet=&#8221;||0px|&#8221; custom_margin_phone=&#8221;&#8221; custom_margin_last_edited=&#8221;on|desktop&#8221; custom_padding=&#8221;0|0px|0px|0px|false|false&#8221; use_custom_width=&#8221;on&#8221; width_unit=&#8221;off&#8221; custom_width_percent=&#8221;100%&#8221; global_colors_info=&#8221;{}&#8221;][et_pb_column type=&#8221;1_2&#8243; _builder_version=&#8221;4.16&#8243; custom_padding=&#8221;6%||6%|12%&#8221; custom_padding_tablet=&#8221;50px|50px|50px|50px&#8221; custom_padding_phone=&#8221;50px|50px|50px|50px&#8221; custom_padding_last_edited=&#8221;on|tablet&#8221; global_colors_info=&#8221;{}&#8221; padding_tablet=&#8221;50px|50px|50px|50px&#8221; padding_last_edited=&#8221;on|tablet&#8221; custom_padding__hover=&#8221;|||&#8221; padding_phone=&#8221;50px|50px|50px|50px&#8221;][et_pb_text _builder_version=&#8221;4.16&#8243; text_font=&#8221;Montserrat|300|||||||&#8221; text_text_color=&#8221;#677a92&#8243; text_font_size=&#8221;16px&#8221; text_line_height=&#8221;1.8em&#8221; header_font=&#8221;Montserrat|600|||||||&#8221; header_text_color=&#8221;#586AC5&#8243; header_font_size=&#8221;38px&#8221; header_line_height=&#8221;1.3em&#8221; header_2_font=&#8221;||||||||&#8221; max_width=&#8221;600px&#8221; custom_margin=&#8221;|||&#8221; custom_margin_tablet=&#8221;0px|50px||50px&#8221; custom_margin_phone=&#8221;|20px||&#8221; custom_margin_last_edited=&#8221;off|desktop&#8221; custom_padding=&#8221;10px|||13px||&#8221; text_line_height_tablet=&#8221;1.8em&#8221; text_line_height_phone=&#8221;1.8em&#8221; text_line_height_last_edited=&#8221;on|phone&#8221; header_font_size_tablet=&#8221;&#8221; header_font_size_phone=&#8221;36px&#8221; header_font_size_last_edited=&#8221;on|phone&#8221; header_2_font_size_phone=&#8221;30px&#8221; header_2_font_size_last_edited=&#8221;off|desktop&#8221; locked=&#8221;off&#8221; global_colors_info=&#8221;{}&#8221;]<\/p>\n<h1>Munkalehet\u0151s\u00e9geink<\/h1>\n<p>P\u00e1lyakezd\u0151knek \u00e9s tapasztalt munkav\u00e1llal\u00f3knak egyar\u00e1nt, \u00f3rab\u00e9rben, teljes munkaid\u0151ben vagy r\u00e9szmunkaid\u0151ben v\u00e1runk <strong>DIPLOM\u00c1S\/OKJ VIZSG\u00c1VAL RENDELKEZ\u0150 FELN\u0150TT \u00c1POL\u00d3T, MENT\u0150TISZTET, H\u00c1ZIORVOS SZAKORVOST, ORTOP\u00c9D-TRAUMATOL\u00d3GUS SZAKORVOS, SZONOGR\u00c1FUS <\/strong>jelentkez\u00e9s\u00e9t b\u00e1rmelyik telephelyre !<\/p>\n<p>Jelentkez\u00e9s: <a href=\"mailto:drsziszjanos@gmail.com\">info@drsziszortomed.com<\/a><br \/>F\u00e9nyk\u00e9pes \u00f6n\u00e9letrajz\u00e1t k\u00e9rj\u00fck mell\u00e9kelje.<\/p>\n<p>&nbsp;<\/p>\n<p>[\/et_pb_text][\/et_pb_column][et_pb_column type=&#8221;1_2&#8243; _builder_version=&#8221;4.16&#8243; custom_padding=&#8221;|||&#8221; global_colors_info=&#8221;{}&#8221; custom_padding__hover=&#8221;|||&#8221;][et_pb_image src=&#8221;https:\/\/drsziszortomed.hu\/wp-content\/uploads\/2022\/01\/small-pexels-sora-shimazaki-5668869.jpg&#8221; title_text=&#8221;small-pexels-sora-shimazaki-5668869&#8243; force_fullwidth=&#8221;on&#8221; align_tablet=&#8221;center&#8221; align_phone=&#8221;center&#8221; align_last_edited=&#8221;on|desktop&#8221; _builder_version=&#8221;4.16&#8243; custom_margin=&#8221;|||&#8221; custom_padding=&#8221;|||&#8221; animation_style=&#8221;slide&#8221; animation_direction=&#8221;top&#8221; animation_intensity_slide=&#8221;5%&#8221; border_radii=&#8221;|||25vw|25vw&#8221; border_color_all=&#8221;#C5B358&#8243; border_width_left=&#8221;2vw&#8221; box_shadow_style=&#8221;preset4&#8243; box_shadow_horizontal=&#8221;-30px&#8221; box_shadow_vertical=&#8221;0px&#8221; box_shadow_color=&#8221;rgba(197,179,88,0.28)&#8221; global_colors_info=&#8221;{}&#8221;][\/et_pb_image][\/et_pb_column][\/et_pb_row][\/et_pb_section][et_pb_section fb_built=&#8221;1&#8243; custom_padding_last_edited=&#8221;on|desktop&#8221; admin_label=&#8221;Services&#8221; _builder_version=&#8221;4.16&#8243; background_color=&#8221;#f1f5f7&#8243; min_height=&#8221;622.1px&#8221; custom_margin=&#8221;|||&#8221; custom_padding=&#8221;94px|0px|94px|0px|true|false&#8221; custom_padding_tablet=&#8221;100px||40px|&#8221; custom_padding_phone=&#8221;||40px|&#8221; border_radii=&#8221;on|0vw|0vw|0vw|0vw&#8221; global_colors_info=&#8221;{}&#8221;][et_pb_row column_structure=&#8221;1_3,1_3,1_3&#8243; _builder_version=&#8221;4.16&#8243; _module_preset=&#8221;default&#8221; global_colors_info=&#8221;{}&#8221;][et_pb_column type=&#8221;1_3&#8243; _builder_version=&#8221;4.16&#8243; _module_preset=&#8221;default&#8221; global_colors_info=&#8221;{}&#8221;][et_pb_blurb title=&#8221;GY\u00d3GYTORN\u00c1SZ&#8221; image=&#8221;https:\/\/drsziszortomed.hu\/wp-content\/uploads\/2021\/12\/gyogytorna-icon.png&#8221; image_icon_width=&#8221;30%&#8221; _builder_version=&#8221;4.16&#8243; _module_preset=&#8221;default&#8221; header_font=&#8221;Montserrat||||||||&#8221; header_text_align=&#8221;center&#8221; body_font=&#8221;Montserrat|300|||||||&#8221; image_icon_custom_margin=&#8221;10px||||false|false&#8221; border_radii=&#8221;off|10px|10px|30px|30px&#8221; box_shadow_style=&#8221;preset2&#8243; box_shadow_horizontal=&#8221;0px&#8221; box_shadow_blur=&#8221;23px&#8221; box_shadow_spread=&#8221;8px&#8221; box_shadow_color=&#8221;#c5b358&#8243; global_colors_info=&#8221;{}&#8221; body_font_size__hover_enabled=&#8221;off|desktop&#8221; body_font_size__hover=&#8221;14px&#8221; content__hover_enabled=&#8221;on|hover&#8221; content__hover=&#8221;<\/p>\n<p style=\"%22text-align:\" center;%22>-gy\u00f3gytorn\u00e1sz oklev\u00e9l<br \/>-m\u0171k\u00f6d\u00e9si enged\u00e9ly<br \/>-MESZK k\u00e1rtya<br \/>-M\u0171k\u00f6d\u00e9si nyilv\u00e1ntart\u00e1si iratok<br \/>-Orvosi alkalmass\u00e1gi<br \/>-V\u00e9detts\u00e9gi igazol\u00e1s<br \/>-Minimum 2 \u00e9ves tapasztalat<\/p>\n<p>&#8222;][\/et_pb_blurb][\/et_pb_column][et_pb_column type=&#8221;1_3&#8243; _builder_version=&#8221;4.16&#8243; _module_preset=&#8221;default&#8221; global_colors_info=&#8221;{}&#8221;][et_pb_blurb title=&#8221;H\u00c1ZIORVOS&#8221; image=&#8221;https:\/\/drsziszortomed.hu\/wp-content\/uploads\/2022\/01\/haziorvos.png&#8221; image_icon_width=&#8221;27%&#8221; _builder_version=&#8221;4.16&#8243; _module_preset=&#8221;default&#8221; header_font=&#8221;Montserrat||||||||&#8221; header_text_align=&#8221;center&#8221; body_font=&#8221;Montserrat|300|||||||&#8221; image_icon_custom_margin=&#8221;10px||||false|false&#8221; border_radii=&#8221;off|10px|10px|30px|30px&#8221; box_shadow_style=&#8221;preset2&#8243; box_shadow_horizontal=&#8221;0px&#8221; box_shadow_blur=&#8221;23px&#8221; box_shadow_spread=&#8221;8px&#8221; box_shadow_color=&#8221;#c5b358&#8243; global_colors_info=&#8221;{}&#8221;][\/et_pb_blurb][\/et_pb_column][et_pb_column type=&#8221;1_3&#8243; _builder_version=&#8221;4.16&#8243; _module_preset=&#8221;default&#8221; global_colors_info=&#8221;{}&#8221;][et_pb_blurb title=&#8221;ORTOP\u00c9D SZAKORVOS&#8221; image=&#8221;https:\/\/drsziszortomed.hu\/wp-content\/uploads\/2022\/01\/ortoped.png&#8221; image_icon_width=&#8221;30%&#8221; _builder_version=&#8221;4.16&#8243; _module_preset=&#8221;default&#8221; header_font=&#8221;Montserrat||||||||&#8221; header_text_align=&#8221;center&#8221; body_font=&#8221;Montserrat|300|||||||&#8221; image_icon_custom_margin=&#8221;10px||||false|false&#8221; border_radii=&#8221;off|10px|10px|30px|30px&#8221; box_shadow_style=&#8221;preset2&#8243; box_shadow_horizontal=&#8221;0px&#8221; box_shadow_blur=&#8221;23px&#8221; box_shadow_spread=&#8221;8px&#8221; box_shadow_color=&#8221;#c5b358&#8243; global_colors_info=&#8221;{}&#8221;][\/et_pb_blurb][\/et_pb_column][\/et_pb_row][et_pb_row column_structure=&#8221;1_2,1_2&#8243; _builder_version=&#8221;4.16&#8243; _module_preset=&#8221;default&#8221; global_colors_info=&#8221;{}&#8221;][et_pb_column type=&#8221;1_2&#8243; _builder_version=&#8221;4.16&#8243; _module_preset=&#8221;default&#8221; global_colors_info=&#8221;{}&#8221;][et_pb_blurb title=&#8221;DIPLOM\u00c1S \u00c1POL\u00d3&#8221; image=&#8221;https:\/\/drsziszortomed.hu\/wp-content\/uploads\/2022\/01\/apolo.png&#8221; image_icon_width=&#8221;26%&#8221; _builder_version=&#8221;4.16&#8243; _module_preset=&#8221;default&#8221; header_font=&#8221;Montserrat||||||||&#8221; header_text_align=&#8221;center&#8221; body_font=&#8221;Montserrat|300|||||||&#8221; image_icon_custom_margin=&#8221;10px||||false|false&#8221; border_radii=&#8221;off|10px|10px|30px|30px&#8221; box_shadow_style=&#8221;preset2&#8243; box_shadow_horizontal=&#8221;0px&#8221; box_shadow_blur=&#8221;23px&#8221; box_shadow_spread=&#8221;8px&#8221; box_shadow_color=&#8221;#c5b358&#8243; global_colors_info=&#8221;{}&#8221; body_font_size__hover_enabled=&#8221;off|desktop&#8221; body_font_size__hover=&#8221;14px&#8221; content__hover_enabled=&#8221;on|hover&#8221; content__hover=&#8221;&#8221;][\/et_pb_blurb][\/et_pb_column][et_pb_column type=&#8221;1_2&#8243; _builder_version=&#8221;4.16&#8243; _module_preset=&#8221;default&#8221; global_colors_info=&#8221;{}&#8221;][et_pb_blurb title=&#8221;REHAB SZAKORVOS&#8221; image=&#8221;https:\/\/drsziszortomed.hu\/wp-content\/uploads\/2022\/01\/rhab.png&#8221; image_icon_width=&#8221;30%&#8221; _builder_version=&#8221;4.16&#8243; _module_preset=&#8221;default&#8221; header_font=&#8221;Montserrat||||||||&#8221; header_text_align=&#8221;center&#8221; body_font=&#8221;Montserrat|300|||||||&#8221; image_icon_custom_margin=&#8221;10px||||false|false&#8221; border_radii=&#8221;off|10px|10px|30px|30px&#8221; box_shadow_style=&#8221;preset2&#8243; box_shadow_horizontal=&#8221;0px&#8221; box_shadow_blur=&#8221;23px&#8221; box_shadow_spread=&#8221;8px&#8221; box_shadow_color=&#8221;#c5b358&#8243; global_colors_info=&#8221;{}&#8221; content__hover_enabled=&#8221;on|hover&#8221; content__hover=&#8221;<\/p>\n<p style=\"%22text-align:\" center;%22>-szakvizsg\u00e1val<\/p>\n<p>&#8222;][\/et_pb_blurb][\/et_pb_column][\/et_pb_row][\/et_pb_section]<\/p>","protected":false},"excerpt":{"rendered":"<p>Munkalehet\u0151s\u00e9geink P\u00e1lyakezd\u0151knek \u00e9s tapasztalt munkav\u00e1llal\u00f3knak egyar\u00e1nt, \u00f3rab\u00e9rben, teljes munkaid\u0151ben vagy r\u00e9szmunkaid\u0151ben v\u00e1runk DIPLOM\u00c1S\/OKJ VIZSG\u00c1VAL RENDELKEZ\u0150 FELN\u0150TT \u00c1POL\u00d3T, MENT\u0150TISZTET, H\u00c1ZIORVOS SZAKORVOST, ORTOP\u00c9D-TRAUMATOL\u00d3GUS SZAKORVOS, SZONOGR\u00c1FUS jelentkez\u00e9s\u00e9t b\u00e1rmelyik telephelyre ! Jelentkez\u00e9s: info@drsziszortomed.comF\u00e9nyk\u00e9pes \u00f6n\u00e9letrajz\u00e1t k\u00e9rj\u00fck mell\u00e9kelje. &nbsp;<\/p>","protected":false},"author":1,"featured_media":0,"parent":0,"menu_order":0,"comment_status":"closed","ping_status":"closed","template":"","meta":{"_et_pb_use_builder":"on","_et_pb_old_content":"","_et_gb_content_width":"","footnotes":""},"class_list":["post-2314","page","type-page","status-publish","hentry"],"_links":{"self":[{"href":"https:\/\/drsziszortomed.hu\/en\/wp-json\/wp\/v2\/pages\/2314","targetHints":{"allow":["GET"]}}],"collection":[{"href":"https:\/\/drsziszortomed.hu\/en\/wp-json\/wp\/v2\/pages"}],"about":[{"href":"https:\/\/drsziszortomed.hu\/en\/wp-json\/wp\/v2\/types\/page"}],"author":[{"embeddable":true,"href":"https:\/\/drsziszortomed.hu\/en\/wp-json\/wp\/v2\/users\/1"}],"replies":[{"embeddable":true,"href":"https:\/\/drsziszortomed.hu\/en\/wp-json\/wp\/v2\/comments?post=2314"}],"version-history":[{"count":14,"href":"https:\/\/drsziszortomed.hu\/en\/wp-json\/wp\/v2\/pages\/2314\/revisions"}],"predecessor-version":[{"id":2835,"href":"https:\/\/drsziszortomed.hu\/en\/wp-json\/wp\/v2\/pages\/2314\/revisions\/2835"}],"wp:attachment":[{"href":"https:\/\/drsziszortomed.hu\/en\/wp-json\/wp\/v2\/media?parent=2314"}],"curies":[{"name":"wp","href":"https:\/\/api.w.org\/{rel}","templated":true}]}}