{"id":2728,"date":"2023-12-06T16:07:20","date_gmt":"2023-12-06T15:07:20","guid":{"rendered":"https:\/\/drsziszortomed.hu\/?page_id=2728"},"modified":"2024-03-07T15:20:30","modified_gmt":"2024-03-07T14:20:30","slug":"budapest-xv-ker-32-sz-korzet","status":"publish","type":"page","link":"https:\/\/drsziszortomed.hu\/en\/budapest-xv-ker-32-sz-korzet\/","title":{"rendered":"BUDAPEST XV. KER. 32.sz. k\u00f6rzet"},"content":{"rendered":"<p style=\"text-align: center;\">DR. SZISZ ORTOMED KFT.<br \/>\nBUDAPEST XV 32. SZ. K\u00d6RZET<\/p>\n<p style=\"text-align: left;\">RENDEL\u00c9SI ID\u0150:<\/p>\n<p style=\"text-align: left;\">H\u00e9tf\u0151 \u00e9s Szerda: 15.00 &#8211; 19.00<br \/>\nKedd \u00e9s Cs\u00fct\u00f6rt\u00f6k: 8.00 &#8211; 12.00<br \/>\nP\u00e9nteken (p\u00e1ratlan h\u00e9ten): 13.00 &#8211; 17.00<br \/>\nP\u00e9nteken (p\u00e1ros h\u00e9ten): 8:00 &#8211; 12.00<\/p>\n<p style=\"text-align: left;\">Rendel\u0151 orvosok:<\/p>\n<ul style=\"text-align: left;\">\n<li>Dr. Szisz J\u00e1nos<\/li>\n<li>Dr. Bajm\u00f3czy G\u00e9za<\/li>\n<li>Dr. Szomor Zsuzsanna<\/li>\n<li>Dr. L\u00e1z\u00e1r Ferenc<\/li>\n<\/ul>\n<p style=\"text-align: left;\">Tel: <a href=\"tel:\/\/+36203904111\">+36-20-3904111<\/a><br \/>\nTel: <a href=\"tel:\/\/+36707193405\">+36-70-7193405<\/a><br \/>\nTel: <a href=\"tel:\/\/+36203746254\">+36-20-3746254<\/a><\/p>","protected":false},"excerpt":{"rendered":"<p>DR. SZISZ ORTOMED KFT. BUDAPEST XV 32. SZ. K\u00d6RZET RENDEL\u00c9SI ID\u0150: H\u00e9tf\u0151 \u00e9s Szerda: 15.00 &#8211; 19.00 Kedd \u00e9s Cs\u00fct\u00f6rt\u00f6k: 8.00 &#8211; 12.00 P\u00e9nteken (p\u00e1ratlan h\u00e9ten): 13.00 &#8211; 17.00 P\u00e9nteken (p\u00e1ros h\u00e9ten): 8:00 &#8211; 12.00 Rendel\u0151 orvosok: Dr. Szisz J\u00e1nos Dr. Bajm\u00f3czy G\u00e9za Dr. Szomor Zsuzsanna Dr. L\u00e1z\u00e1r Ferenc Tel: +36-20-3904111 Tel: +36-70-7193405 Tel: +36-20-3746254<\/p>","protected":false},"author":157,"featured_media":0,"parent":0,"menu_order":0,"comment_status":"closed","ping_status":"closed","template":"","meta":{"_et_pb_use_builder":"off","_et_pb_old_content":"<p style=\"text-align: center;\">DR. SZISZ ORTOMED KFT.\r\nBUDAPEST XV 32. SZ. K\u00d6RZET<\/p>\r\n<p style=\"text-align: left;\">RENDEL\u00c9SI ID\u0150:<\/p>\r\n<p style=\"text-align: left;\">H\u00e9tf\u0151 \u00e9s Szerda: 15.00 - 19.00\r\nKedd \u00e9s Cs\u00fct\u00f6rt\u00f6k: 8.00 - 12.00\r\nP\u00e9nteken (p\u00e1ratlan h\u00e9ten): 13.00 - 17.00\r\nP\u00e9nteken (p\u00e1ros h\u00e9ten): 8:00 - 12.00<\/p>\r\n<p style=\"text-align: left;\">Rendel\u0151 orvosok:<\/p>\r\n\r\n<ul style=\"text-align: left;\">\r\n \t<li>Dr. Szisz J\u00e1nos<\/li>\r\n \t<li>Dr. Bajm\u00f3czy G\u00e9za<\/li>\r\n \t<li>Dr. Szomor Zsuzsanna<\/li>\r\n \t<li>Dr. L\u00e1z\u00e1r Ferenc<\/li>\r\n<\/ul>\r\n<p style=\"text-align: left;\">Tel: <a href=\"tel:\/\/+36203904111\">+36-20-3904111<\/a>\r\nTel: <a href=\"tel:\/\/+36707193405\">+36-70-7193405<\/a>\r\nTel: <a href=\"tel:\/\/+36203746254\">+36-20-3746254<\/a><\/p>","_et_gb_content_width":"","footnotes":""},"class_list":["post-2728","page","type-page","status-publish","hentry"],"_links":{"self":[{"href":"https:\/\/drsziszortomed.hu\/en\/wp-json\/wp\/v2\/pages\/2728","targetHints":{"allow":["GET"]}}],"collection":[{"href":"https:\/\/drsziszortomed.hu\/en\/wp-json\/wp\/v2\/pages"}],"about":[{"href":"https:\/\/drsziszortomed.hu\/en\/wp-json\/wp\/v2\/types\/page"}],"author":[{"embeddable":true,"href":"https:\/\/drsziszortomed.hu\/en\/wp-json\/wp\/v2\/users\/157"}],"replies":[{"embeddable":true,"href":"https:\/\/drsziszortomed.hu\/en\/wp-json\/wp\/v2\/comments?post=2728"}],"version-history":[{"count":3,"href":"https:\/\/drsziszortomed.hu\/en\/wp-json\/wp\/v2\/pages\/2728\/revisions"}],"predecessor-version":[{"id":2782,"href":"https:\/\/drsziszortomed.hu\/en\/wp-json\/wp\/v2\/pages\/2728\/revisions\/2782"}],"wp:attachment":[{"href":"https:\/\/drsziszortomed.hu\/en\/wp-json\/wp\/v2\/media?parent=2728"}],"curies":[{"name":"wp","href":"https:\/\/api.w.org\/{rel}","templated":true}]}}