{"id":2842,"date":"2025-09-30T17:38:01","date_gmt":"2025-09-30T16:38:01","guid":{"rendered":"https:\/\/drsziszortomed.hu\/?page_id=2842"},"modified":"2025-09-30T17:38:01","modified_gmt":"2025-09-30T16:38:01","slug":"jaszapati-iii-korzetben-haziorvoslas-ortopedia-buvarorvoslas","status":"publish","type":"page","link":"https:\/\/drsziszortomed.hu\/en\/jaszapati-iii-korzetben-haziorvoslas-ortopedia-buvarorvoslas\/","title":{"rendered":"J\u00e1szap\u00e1ti III. k\u00f6rzetben (H\u00e1ziorvosl\u00e1s, Ortop\u00e9dia, B\u00fav\u00e1rorvosl\u00e1s)"},"content":{"rendered":"","protected":false},"excerpt":{"rendered":"","protected":false},"author":157,"featured_media":0,"parent":0,"menu_order":0,"comment_status":"closed","ping_status":"closed","template":"","meta":{"_et_pb_use_builder":"","_et_pb_old_content":"","_et_gb_content_width":"","footnotes":""},"class_list":["post-2842","page","type-page","status-publish","hentry"],"_links":{"self":[{"href":"https:\/\/drsziszortomed.hu\/en\/wp-json\/wp\/v2\/pages\/2842","targetHints":{"allow":["GET"]}}],"collection":[{"href":"https:\/\/drsziszortomed.hu\/en\/wp-json\/wp\/v2\/pages"}],"about":[{"href":"https:\/\/drsziszortomed.hu\/en\/wp-json\/wp\/v2\/types\/page"}],"author":[{"embeddable":true,"href":"https:\/\/drsziszortomed.hu\/en\/wp-json\/wp\/v2\/users\/157"}],"replies":[{"embeddable":true,"href":"https:\/\/drsziszortomed.hu\/en\/wp-json\/wp\/v2\/comments?post=2842"}],"version-history":[{"count":1,"href":"https:\/\/drsziszortomed.hu\/en\/wp-json\/wp\/v2\/pages\/2842\/revisions"}],"predecessor-version":[{"id":2843,"href":"https:\/\/drsziszortomed.hu\/en\/wp-json\/wp\/v2\/pages\/2842\/revisions\/2843"}],"wp:attachment":[{"href":"https:\/\/drsziszortomed.hu\/en\/wp-json\/wp\/v2\/media?parent=2842"}],"curies":[{"name":"wp","href":"https:\/\/api.w.org\/{rel}","templated":true}]}}