{"id":2870,"date":"2026-04-13T18:32:58","date_gmt":"2026-04-13T17:32:58","guid":{"rendered":"https:\/\/drsziszortomed.hu\/?page_id=2870"},"modified":"2026-04-15T22:12:05","modified_gmt":"2026-04-15T21:12:05","slug":"fizikoterapias-keszulekek","status":"publish","type":"page","link":"https:\/\/drsziszortomed.hu\/en\/fizikoterapias-keszulekek\/","title":{"rendered":"Fizikoter\u00e1pi\u00e1s k\u00e9sz\u00fcl\u00e9kek"},"content":{"rendered":"<p>[et_pb_section fb_built=&#8221;1&#8243; _builder_version=&#8221;4.27.4&#8243; _module_preset=&#8221;default&#8221; global_colors_info=&#8221;{}&#8221;][et_pb_row _builder_version=&#8221;4.27.4&#8243; _module_preset=&#8221;default&#8221; width=&#8221;91.2%&#8221; custom_margin=&#8221;|auto||21px||&#8221; global_colors_info=&#8221;{}&#8221;][et_pb_column type=&#8221;4_4&#8243; _builder_version=&#8221;4.27.4&#8243; _module_preset=&#8221;default&#8221; global_colors_info=&#8221;{}&#8221;][et_pb_heading title=&#8221;Fizikoter\u00e1pi\u00e1s k\u00e9sz\u00fcl\u00e9kek&#8221; _builder_version=&#8221;4.27.4&#8243; _module_preset=&#8221;default&#8221; title_text_color=&#8221;#0C71C3&#8243; custom_padding=&#8221;0px||3px|||&#8221; global_colors_info=&#8221;{}&#8221;][\/et_pb_heading][\/et_pb_column][\/et_pb_row][et_pb_row _builder_version=&#8221;4.27.4&#8243; _module_preset=&#8221;default&#8221; custom_margin=&#8221;|auto||100px||&#8221; global_colors_info=&#8221;{}&#8221;][et_pb_column type=&#8221;4_4&#8243; _builder_version=&#8221;4.27.4&#8243; _module_preset=&#8221;default&#8221; global_colors_info=&#8221;{}&#8221;][et_pb_text _builder_version=&#8221;4.27.4&#8243; _module_preset=&#8221;default&#8221; global_colors_info=&#8221;{}&#8221; custom_margin=&#8221;|||-81px||&#8221;]<\/p>\n<div class=\"xdj266r x14z9mp xat24cr x1lziwak x1vvkbs x126k92a\">\n<h4 dir=\"auto\"><span style=\"font-size: medium;\">Mivel a t\u00e1borfalvai \u00f6nkorm\u00e1nyzat ipar\u0171z\u00e9si ad\u00f3b\u00f3l (Dr Szisz Ortomed Kft IPA) t\u00e1mogatta 2 db fizikoter\u00e1pi\u00e1s k\u00e9sz\u00fcl\u00e9k beszerz\u00e9s\u00e9t, \u00edgy tudunk ingyenes kezel\u00e9st biztos\u00edtani a lakoss\u00e1g sz\u00e1m\u00e1ra.<\/span><\/h4>\n<\/div>\n<h4 dir=\"auto\"><span style=\"text-decoration: underline; font-size: medium;\"><strong><br \/>CERAGEM \u00c1GY:<\/strong><\/span><\/h4>\n<h4 dir=\"auto\"><span style=\"font-size: medium;\">-10 alkalom javasolt<\/span><\/h4>\n<h4 dir=\"auto\"><span style=\"font-size: medium;\">Alkalmank\u00e9nt:<\/span><\/h4>\n<h2><span style=\"color: #333333; font-size: medium;\">Nem I. k\u00f6rzetbe tartoz\u00f3 p\u00e1ciensek sz\u00e1m\u00e1ra 5000 Ft\/alkalom<br \/><\/span><span style=\"font-size: medium;\">I. k\u00f6rzet (Dr Szisz J\u00e1nos) 3000 Ft \/alkalom (E<\/span><span style=\"font-size: medium;\">ls\u0151 alkalom ingyenes)<\/span><\/h2>\n<h4 dir=\"auto\"><\/h4>\n<h4 dir=\"auto\"><span style=\"font-size: medium;\"><br \/>Nem t\u00e1borfalvai lakosok sz\u00e1m\u00e1ra 7000 Ft\/alkalom<br \/><\/span><span style=\"font-size: medium;\">Nincs ingyenes els\u0151 alkalom<\/span><\/h4>\n<h4 dir=\"auto\"><span style=\"text-decoration: underline; font-size: medium;\"><strong><br \/>Teljes test massz\u00e1zs kezel\u0151 fotel:<\/strong><\/span><\/h4>\n<h4 dir=\"auto\"><span style=\"font-size: medium;\">-10 alkalom javasolt<\/span><\/h4>\n<h4 dir=\"auto\"><span style=\"font-size: medium;\">Alkalmank\u00e9nt:<\/span><\/h4>\n<h4 dir=\"auto\"><span style=\"font-size: medium;\">I. k\u00f6rzet (Dr Szisz J\u00e1nos) 6000 Ft (Els\u0151 alkalom ingyenes)<br \/><\/span><span style=\"font-size: medium;\">II. k\u00f6rzet 7000 Ft \/akalom<\/span><\/h4>\n<div class=\"x14z9mp xat24cr x1lziwak x1vvkbs xtlvy1s x126k92a\">\n<h4 dir=\"auto\"><span style=\"font-size: medium;\"><br \/>Nem t\u00e1borfalvai lakosok sz\u00e1m\u00e1ra 8000 Ft\/alkalom<br \/><\/span><span style=\"font-size: medium;\">Nincs ingyenes els\u0151 alkalom.<\/span><\/h4>\n<\/div>\n<p>[\/et_pb_text][\/et_pb_column][\/et_pb_row][\/et_pb_section]<\/p>","protected":false},"excerpt":{"rendered":"<p>Mivel a t\u00e1borfalvai \u00f6nkorm\u00e1nyzat ipar\u0171z\u00e9si ad\u00f3b\u00f3l (Dr Szisz Ortomed Kft IPA) t\u00e1mogatta 2 db fizikoter\u00e1pi\u00e1s k\u00e9sz\u00fcl\u00e9k beszerz\u00e9s\u00e9t, \u00edgy tudunk ingyenes kezel\u00e9st biztos\u00edtani a lakoss\u00e1g sz\u00e1m\u00e1ra. CERAGEM \u00c1GY: -10 alkalom javasolt Alkalmank\u00e9nt: Nem I. k\u00f6rzetbe tartoz\u00f3 p\u00e1ciensek sz\u00e1m\u00e1ra 5000 Ft\/alkalomI. k\u00f6rzet (Dr Szisz J\u00e1nos) 3000 Ft \/alkalom (Els\u0151 alkalom ingyenes) Nem t\u00e1borfalvai lakosok sz\u00e1m\u00e1ra 7000 Ft\/alkalomNincs [&hellip;]<\/p>","protected":false},"author":157,"featured_media":0,"parent":0,"menu_order":0,"comment_status":"closed","ping_status":"closed","template":"","meta":{"_et_pb_use_builder":"on","_et_pb_old_content":"","_et_gb_content_width":"","footnotes":""},"class_list":["post-2870","page","type-page","status-publish","hentry"],"_links":{"self":[{"href":"https:\/\/drsziszortomed.hu\/en\/wp-json\/wp\/v2\/pages\/2870","targetHints":{"allow":["GET"]}}],"collection":[{"href":"https:\/\/drsziszortomed.hu\/en\/wp-json\/wp\/v2\/pages"}],"about":[{"href":"https:\/\/drsziszortomed.hu\/en\/wp-json\/wp\/v2\/types\/page"}],"author":[{"embeddable":true,"href":"https:\/\/drsziszortomed.hu\/en\/wp-json\/wp\/v2\/users\/157"}],"replies":[{"embeddable":true,"href":"https:\/\/drsziszortomed.hu\/en\/wp-json\/wp\/v2\/comments?post=2870"}],"version-history":[{"count":14,"href":"https:\/\/drsziszortomed.hu\/en\/wp-json\/wp\/v2\/pages\/2870\/revisions"}],"predecessor-version":[{"id":2894,"href":"https:\/\/drsziszortomed.hu\/en\/wp-json\/wp\/v2\/pages\/2870\/revisions\/2894"}],"wp:attachment":[{"href":"https:\/\/drsziszortomed.hu\/en\/wp-json\/wp\/v2\/media?parent=2870"}],"curies":[{"name":"wp","href":"https:\/\/api.w.org\/{rel}","templated":true}]}}